{"id":25,"date":"2020-06-25T19:21:04","date_gmt":"2020-06-25T19:21:04","guid":{"rendered":"http:\/\/einsteresante.com\/?page_id=25"},"modified":"2024-12-03T14:03:04","modified_gmt":"2024-12-03T19:03:04","slug":"acerca-de","status":"publish","type":"page","link":"https:\/\/einsteresante.com\/index.php\/acerca-de\/","title":{"rendered":"Acerca de"},"content":{"rendered":"\n<p>Einsteresante es un sitio web creado en 2020 con el fin de acercar al p\u00fablico hispano a la actualidad cient\u00edfica y human\u00edstica con un enfoque ameno y hasta humor\u00edstico sin perder el rigor. Adem\u00e1s de publicar noticias de actualidad tambi\u00e9n publicamos art\u00edculos en los que tratamos de responder preguntas que siempre nos hacemos cotidianamente, dudas sobre nuestra salud con respaldo acad\u00e9mico as\u00ed como preguntas que nunca nos hab\u00edamos hecho pero que terminamos hallando fascinantes.<\/p>\n\n\n\n<p>Estos son los sitios que usamos como fuente para nuestras noticias y art\u00edculos:<\/p>\n\n\n\n<p><a href=\"https:\/\/www.sciencealert.com\/\">Science Alert<\/a>.<\/p>\n\n\n\n<p><a href=\"https:\/\/www.livescience.com\/\">Live Science<\/a>.<\/p>\n\n\n\n<p><a href=\"https:\/\/phys.org\/\">Phys.org<\/a>.<\/p>\n\n\n\n<p><a href=\"https:\/\/medicalxpress.com\/\">Medical Xpress<\/a>.<\/p>\n\n\n\n<p><a href=\"https:\/\/techxplore.com\/\">Tech Xplore<\/a>.<\/p>\n\n\n\n<p><a href=\"https:\/\/theconversation.com\/us\">The Conversation<\/a>.<\/p>\n\n\n\n<p><a href=\"https:\/\/www.businessinsider.com\/\">Business Insider<\/a>.<\/p>\n\n\n\n<p><a href=\"https:\/\/www.zmescience.com\/\">ZME Science<\/a>.<\/p>\n","protected":false},"excerpt":{"rendered":"<p>Einsteresante es un sitio web creado en 2020 con el fin de acercar al p\u00fablico hispano a la actualidad cient\u00edfica y human\u00edstica con un enfoque ameno y hasta humor\u00edstico sin perder el rigor. Adem\u00e1s de publicar noticias de actualidad tambi\u00e9n publicamos art\u00edculos en los que tratamos de responder preguntas que siempre nos hacemos cotidianamente, dudas [&hellip;]<\/p>\n","protected":false},"author":1,"featured_media":0,"parent":0,"menu_order":0,"comment_status":"closed","ping_status":"closed","template":"","meta":{"footnotes":""},"class_list":["post-25","page","type-page","status-publish","hentry"],"_links":{"self":[{"href":"https:\/\/einsteresante.com\/index.php\/wp-json\/wp\/v2\/pages\/25","targetHints":{"allow":["GET"]}}],"collection":[{"href":"https:\/\/einsteresante.com\/index.php\/wp-json\/wp\/v2\/pages"}],"about":[{"href":"https:\/\/einsteresante.com\/index.php\/wp-json\/wp\/v2\/types\/page"}],"author":[{"embeddable":true,"href":"https:\/\/einsteresante.com\/index.php\/wp-json\/wp\/v2\/users\/1"}],"replies":[{"embeddable":true,"href":"https:\/\/einsteresante.com\/index.php\/wp-json\/wp\/v2\/comments?post=25"}],"version-history":[{"count":10,"href":"https:\/\/einsteresante.com\/index.php\/wp-json\/wp\/v2\/pages\/25\/revisions"}],"predecessor-version":[{"id":64731,"href":"https:\/\/einsteresante.com\/index.php\/wp-json\/wp\/v2\/pages\/25\/revisions\/64731"}],"wp:attachment":[{"href":"https:\/\/einsteresante.com\/index.php\/wp-json\/wp\/v2\/media?parent=25"}],"curies":[{"name":"wp","href":"https:\/\/api.w.org\/{rel}","templated":true}]}}