{"id":72374,"date":"2025-04-16T18:34:40","date_gmt":"2025-04-16T23:34:40","guid":{"rendered":"https:\/\/einsteresante.com\/?page_id=72374"},"modified":"2025-04-22T00:33:48","modified_gmt":"2025-04-22T05:33:48","slug":"anuncios","status":"publish","type":"page","link":"https:\/\/einsteresante.com\/index.php\/anuncios\/","title":{"rendered":"Anuncios"},"content":{"rendered":"\n<p>Einsteresante no s\u00f3lo ofrece informaci\u00f3n, sino que tambi\u00e9n conecta a las marcas con sus clientes a trav\u00e9s de anuncios. Si quieres promocionar tu producto o servicio puedes escribirnos a WhatsApp +57 314 4168875 o al correo anuncios@einsteresante.com.<\/p>\n","protected":false},"excerpt":{"rendered":"<p>Einsteresante no s\u00f3lo ofrece informaci\u00f3n, sino que tambi\u00e9n conecta a las marcas con sus clientes a trav\u00e9s de anuncios. Si quieres promocionar tu producto o servicio puedes escribirnos a WhatsApp +57 314 4168875 o al correo anuncios@einsteresante.com.<\/p>\n","protected":false},"author":1,"featured_media":0,"parent":0,"menu_order":0,"comment_status":"closed","ping_status":"closed","template":"","meta":{"footnotes":""},"class_list":["post-72374","page","type-page","status-publish","hentry"],"_links":{"self":[{"href":"https:\/\/einsteresante.com\/index.php\/wp-json\/wp\/v2\/pages\/72374","targetHints":{"allow":["GET"]}}],"collection":[{"href":"https:\/\/einsteresante.com\/index.php\/wp-json\/wp\/v2\/pages"}],"about":[{"href":"https:\/\/einsteresante.com\/index.php\/wp-json\/wp\/v2\/types\/page"}],"author":[{"embeddable":true,"href":"https:\/\/einsteresante.com\/index.php\/wp-json\/wp\/v2\/users\/1"}],"replies":[{"embeddable":true,"href":"https:\/\/einsteresante.com\/index.php\/wp-json\/wp\/v2\/comments?post=72374"}],"version-history":[{"count":5,"href":"https:\/\/einsteresante.com\/index.php\/wp-json\/wp\/v2\/pages\/72374\/revisions"}],"predecessor-version":[{"id":72824,"href":"https:\/\/einsteresante.com\/index.php\/wp-json\/wp\/v2\/pages\/72374\/revisions\/72824"}],"wp:attachment":[{"href":"https:\/\/einsteresante.com\/index.php\/wp-json\/wp\/v2\/media?parent=72374"}],"curies":[{"name":"wp","href":"https:\/\/api.w.org\/{rel}","templated":true}]}}