{"id":77496,"date":"2025-06-21T00:23:31","date_gmt":"2025-06-21T05:23:31","guid":{"rendered":"https:\/\/einsteresante.com\/?page_id=77496"},"modified":"2025-06-21T00:25:39","modified_gmt":"2025-06-21T05:25:39","slug":"anuncios-2","status":"publish","type":"page","link":"https:\/\/einsteresante.com\/index.php\/anuncios-2\/","title":{"rendered":"Anuncios"},"content":{"rendered":"\n<p>Einsteresante no s\u00f3lo brinda la mejor informaci\u00f3n cient\u00edfica sino que conecta a los usuarios con las marcas. Si quieres promocionar tu producto o servicio puedes escribirnos al correo anuncios@einsteresante.com.<\/p>\n","protected":false},"excerpt":{"rendered":"<p>Einsteresante no s\u00f3lo brinda la mejor informaci\u00f3n cient\u00edfica sino que conecta a los usuarios con las marcas. Si quieres promocionar tu producto o servicio puedes escribirnos al correo anuncios@einsteresante.com.<\/p>\n","protected":false},"author":1,"featured_media":0,"parent":0,"menu_order":0,"comment_status":"closed","ping_status":"closed","template":"","meta":{"footnotes":""},"class_list":["post-77496","page","type-page","status-publish","hentry"],"_links":{"self":[{"href":"https:\/\/einsteresante.com\/index.php\/wp-json\/wp\/v2\/pages\/77496","targetHints":{"allow":["GET"]}}],"collection":[{"href":"https:\/\/einsteresante.com\/index.php\/wp-json\/wp\/v2\/pages"}],"about":[{"href":"https:\/\/einsteresante.com\/index.php\/wp-json\/wp\/v2\/types\/page"}],"author":[{"embeddable":true,"href":"https:\/\/einsteresante.com\/index.php\/wp-json\/wp\/v2\/users\/1"}],"replies":[{"embeddable":true,"href":"https:\/\/einsteresante.com\/index.php\/wp-json\/wp\/v2\/comments?post=77496"}],"version-history":[{"count":2,"href":"https:\/\/einsteresante.com\/index.php\/wp-json\/wp\/v2\/pages\/77496\/revisions"}],"predecessor-version":[{"id":77502,"href":"https:\/\/einsteresante.com\/index.php\/wp-json\/wp\/v2\/pages\/77496\/revisions\/77502"}],"wp:attachment":[{"href":"https:\/\/einsteresante.com\/index.php\/wp-json\/wp\/v2\/media?parent=77496"}],"curies":[{"name":"wp","href":"https:\/\/api.w.org\/{rel}","templated":true}]}}